{"id":18,"date":"2009-04-23T01:40:29","date_gmt":"2009-04-22T23:40:29","guid":{"rendered":"http:\/\/test.wegner.in\/?page_id=18"},"modified":"2011-01-09T20:47:11","modified_gmt":"2011-01-09T18:47:11","slug":"seehas-fahrzeuge","status":"publish","type":"page","link":"http:\/\/bahn.wegner.in\/?page_id=18","title":{"rendered":"Seehas Fahrzeuge"},"content":{"rendered":"<div class=\"content\">\n<div class=\"Block\">\n<div class=\"Block-body\">\n<div class=\"BlockContent\">\n<div class=\"BlockContent-body\">\n<div id=\"post-97\" class=\"page hentry category-allgemein\">\n<h2>Seehas Fahrzeuge<\/h2>\n<div class=\"entry\">\n<p>Bis 2006 waren es die einst von der MTHB beschafften Triebz\u00fcge der Baureihe\u00a0 <a title=\"SBB RBDe 560\" href=\"http:\/\/de.wikipedia.org\/wiki\/SBB_RBDe_560\" target=\"_blank\">RBDe\u00a0566<\/a> (631\u2013634, NPZ, Baujahr<\/p>\n<div class=\"wp-caption aligncenter\" style=\"width: 490px;\"><img loading=\"lazy\" decoding=\"async\" title=\"NPZ Triebz\u00fcge\" src=\"http:\/\/lh5.ggpht.com\/_I8exHbDnn1Y\/SAuapJNRgsI\/AAAAAAAAAec\/ngfN5sgQoas\/s640\/IMG_0474.jpg\" alt=\"SEEHAS Triebz\u00fcge\" width=\"480\" height=\"360\" \/><\/p>\n<p class=\"wp-caption-text\">SEEHAS Triebz\u00fcge<\/p>\n<\/div>\n<p>1994)           (631\u2013634, NPZ, Baujahr 1994)<\/p>\n<p>Und noch ganz alte Triebz\u00fcge der Baureihe:<br \/>\nABDe\u00a0536 (611\u2013616, Baujahr 1965\u201366)<\/p>\n<p>2006 beschafft SBB-Deutschland nach der Aufgabe der MTHB und der Abl\u00f6sung der EuroThurbo 9 4 Teilige\u00a0 Flirt Triebz\u00fcge. Alle Triebz\u00fcge sind in BW Oberwinterthur beheimatet. Sie besitzen alle einen Deutschen Stromabnemer und deutsches Zugsicherungssystem.<br \/>\nTechnisch sind alle Triebz\u00fcge mit Klimaanlage,Niederflur sowie Kameras ausgestatett.<\/p>\n<div class=\"wp-caption aligncenter\" style=\"width: 506px;\"><img loading=\"lazy\" decoding=\"async\" title=\"Seehas Triebzug Flirt \" src=\"http:\/\/lh3.ggpht.com\/_I8exHbDnn1Y\/SAuaHpNRgpI\/AAAAAAAAAeE\/BY2-zByQzrA\/s640\/IMG_0471.JPG\" alt=\"Flirt Triebzug in Konstanz\" width=\"496\" height=\"371\" \/><\/p>\n<p class=\"wp-caption-text\">Flirt Triebzug in Konstanz<\/p>\n<\/div>\n<p>N\u00e4heres entnehme Sie bitte der <a href=\"http:\/\/http\/\/sbb-deutschland.de\/sbb-2008\/pdf\/datenblatt_flirt.pdf\" target=\"_blank\">Produktbeschreibung.<\/a><\/p>\n<p style=\"text-align: center;\"><img loading=\"lazy\" decoding=\"async\" class=\"aligncenter\" title=\"Inenansicht\" src=\"http:\/\/lh3.ggpht.com\/_I8exHbDnn1Y\/SAudbpNRg6I\/AAAAAAAAAgQ\/qAc3l8XQL8U\/s640\/STB_0493.JPG\" alt=\"\" width=\"486\" height=\"364\" \/><\/p>\n<p style=\"text-align: center;\"><img loading=\"lazy\" decoding=\"async\" class=\"aligncenter\" src=\"http:\/\/lh5.ggpht.com\/_I8exHbDnn1Y\/SAugBJNRg9I\/AAAAAAAAAgs\/xQkf9-rFy9Y\/s640\/STC_0494.jpg\" alt=\"\" width=\"524\" height=\"393\" \/><\/p>\n<p style=\"text-align: center;\"><img loading=\"lazy\" decoding=\"async\" class=\"aligncenter\" src=\"http:\/\/lh5.ggpht.com\/_I8exHbDnn1Y\/SAudVJNRg5I\/AAAAAAAAAgI\/ZkZc2ltIiao\/s640\/STA_0492.JPG\" alt=\"\" width=\"500\" height=\"375\" \/><\/p>\n<p style=\"text-align: center;\">In Konstanz bzw. im Abstellbereich auf Kreuzlingern Gebiet werden die Seehas Triebz\u00fcge abgestellt.<br \/>\n<a href=\"http:\/\/bahn.wegner.in\/wp-content\/uploads\/2009\/04\/abstellen.jpg\"><a href=\"http:\/\/bahn.wegner.in\/wp-content\/uploads\/2009\/04\/abstellen.jpg\"><img loading=\"lazy\" decoding=\"async\" class=\"aligncenter size-large wp-image-309\" title=\"abstellen\" src=\"http:\/\/bahn.wegner.in\/wp-content\/uploads\/2009\/04\/abstellen-1024x768.jpg\" alt=\"\" width=\"1024\" height=\"768\" srcset=\"http:\/\/bahn.wegner.in\/wp-content\/uploads\/2009\/04\/abstellen-1024x768.jpg 1024w, http:\/\/bahn.wegner.in\/wp-content\/uploads\/2009\/04\/abstellen-300x225.jpg 300w\" sizes=\"auto, (max-width: 1024px) 100vw, 1024px\" \/><\/a><br \/>\n<\/a><\/p>\n<p style=\"text-align: center;\">\n<p style=\"text-align: center;\">\n<p style=\"text-align: center;\">Die Wartung Erfolgt im BW Oberwinterthur. Dort komme die Seehas Triebz\u00fcge alle 8 Tage hin.<br \/>\nIm BW werden auch die Fahrzeuge der Thurbo gewartet.<\/p>\n<p style=\"text-align: center;\"><a title=\"BW Oberwinterhtur\" href=\"http:\/\/maps.google.de\/maps?f=q&amp;source=s_q&amp;hl=de&amp;geocode=&amp;q=oberwinterthur&amp;sll=47.558921,8.848114&amp;sspn=0.683002,2.113495&amp;ie=UTF8&amp;hq=&amp;hnear=Oberwinterthur+Winterthur,+Z%C3%BCrich,+Schweiz&amp;ll=47.515491,8.766747&amp;spn=0.00534,0.016512&amp;t=h&amp;z=17\" target=\"_blank\">BW Oberwinterthur<\/a><br \/>\n<span style=\"font-family: arial,tahoma,verdana; font-size: xx-small;\"><strong><span style=\"font-size: x-small;\">Verweise und Links<\/span><\/strong><br \/>\n<\/span><\/p>\n<p style=\"text-align: center;\"><span style=\"font-family: arial,tahoma,verdana; font-size: xx-small;\">Bei direkten oder indirekten Verweisen auf fremde Webseiten  (&#8222;Hyperlinks&#8220;), die au\u00dferhalb des Verantwortungsbereiches des Autors liegen, w\u00fcrde eine Haftungsverpflichtung ausschlie\u00dflich in  dem Fall in Kraft treten, in dem der Autor von den Inhalten Kenntnis hat und es  ihm technisch m\u00f6glich und zumutbar w\u00e4re, die Nutzung im Falle  rechtswidriger Inhalte zu verhindern.<br \/>\nDer Autor erkl\u00e4rt hiermit ausdr\u00fccklich, dass zum Zeitpunkt der  Linksetzung keine illegalen Inhalte auf den zu verlinkenden Seiten  erkennbar waren. Auf die aktuelle und zuk\u00fcnftige Gestaltung, die Inhalte oder die Urheberschaft der  verlinkten\/verkn\u00fcpften Seiten hat der Autor keinerlei Einfluss. Deshalb  distanziert er sich hiermit ausdr\u00fccklich von allen Inhalten aller  verlinkten \/verkn\u00fcpften Seiten, die nach der Linksetzung ver\u00e4ndert wurden. Diese  Feststellung gilt f\u00fcr alle innerhalb des eigenen Internetangebotes  gesetzten Links und Verweise sowie f\u00fcr Fremdeintr\u00e4ge in vom Autor  eingerichteten G\u00e4steb\u00fcchern, Diskussionsforen, Linkverzeichnissen,  Mailinglisten und in allen anderen Formen von Datenbanken, auf deren  Inhalt externe Schreibzugriffe m\u00f6glich sind. F\u00fcr illegale, fehlerhafte  oder unvollst\u00e4ndige Inhalte und insbesondere f\u00fcr Sch\u00e4den, die aus der  Nutzung oder Nichtnutzung solcherart dargebotener Informationen  entstehen, haftet allein der Anbieter der Seite, auf welche verwiesen  wurde, nicht derjenige, der \u00fcber Links auf die jeweilige  Ver\u00f6ffentlichung lediglich verweist. <\/span><\/p>\n<\/div>\n<\/div>\n<\/div>\n<\/div>\n<\/div>\n<\/div>\n<\/div>\n","protected":false},"excerpt":{"rendered":"<p>Seehas Fahrzeuge Bis 2006 waren es die einst von der MTHB beschafften Triebz\u00fcge der Baureihe\u00a0 RBDe\u00a0566 (631\u2013634, NPZ, Baujahr SEEHAS Triebz\u00fcge 1994) (631\u2013634, NPZ, Baujahr 1994) Und noch ganz alte Triebz\u00fcge der Baureihe: ABDe\u00a0536 (611\u2013616, Baujahr 1965\u201366) 2006 beschafft SBB-Deutschland nach der Aufgabe der MTHB und der Abl\u00f6sung der EuroThurbo 9 4 Teilige\u00a0 Flirt Triebz\u00fcge. [&hellip;]<\/p>\n","protected":false},"author":1,"featured_media":0,"parent":17,"menu_order":0,"comment_status":"open","ping_status":"open","template":"","meta":{"footnotes":""},"class_list":["post-18","page","type-page","status-publish","hentry"],"_links":{"self":[{"href":"http:\/\/bahn.wegner.in\/index.php?rest_route=\/wp\/v2\/pages\/18","targetHints":{"allow":["GET"]}}],"collection":[{"href":"http:\/\/bahn.wegner.in\/index.php?rest_route=\/wp\/v2\/pages"}],"about":[{"href":"http:\/\/bahn.wegner.in\/index.php?rest_route=\/wp\/v2\/types\/page"}],"author":[{"embeddable":true,"href":"http:\/\/bahn.wegner.in\/index.php?rest_route=\/wp\/v2\/users\/1"}],"replies":[{"embeddable":true,"href":"http:\/\/bahn.wegner.in\/index.php?rest_route=%2Fwp%2Fv2%2Fcomments&post=18"}],"version-history":[{"count":7,"href":"http:\/\/bahn.wegner.in\/index.php?rest_route=\/wp\/v2\/pages\/18\/revisions"}],"predecessor-version":[{"id":20,"href":"http:\/\/bahn.wegner.in\/index.php?rest_route=\/wp\/v2\/pages\/18\/revisions\/20"}],"up":[{"embeddable":true,"href":"http:\/\/bahn.wegner.in\/index.php?rest_route=\/wp\/v2\/pages\/17"}],"wp:attachment":[{"href":"http:\/\/bahn.wegner.in\/index.php?rest_route=%2Fwp%2Fv2%2Fmedia&parent=18"}],"curies":[{"name":"wp","href":"https:\/\/api.w.org\/{rel}","templated":true}]}}