{"id":24,"date":"2009-04-23T01:45:20","date_gmt":"2009-04-22T23:45:20","guid":{"rendered":"http:\/\/test.wegner.in\/?page_id=24"},"modified":"2009-12-29T22:32:47","modified_gmt":"2009-12-29T20:32:47","slug":"seehas-stationen","status":"publish","type":"page","link":"http:\/\/bahn.wegner.in\/?page_id=24","title":{"rendered":"Seehas Stationen"},"content":{"rendered":"<div class=\"content\">\n<div class=\"Block\">\n<div class=\"Block-body\">\n<div class=\"BlockContent\">\n<div class=\"BlockContent-body\">\n<div id=\"post-97\" class=\"page hentry category-allgemein\">\n<p style=\"text-align: center;\">Start Engen:<\/p>\n<p style=\"text-align: center;\">\n<p><img loading=\"lazy\" decoding=\"async\" title=\"Engen \" src=\"http:\/\/lh5.ggpht.com\/_I8exHbDnn1Y\/SSbp7Y8pJJI\/AAAAAAAABWg\/K206RSDJXmA\/s640\/IMG_1857.JPG\" alt=\"Start des Seehas\" width=\"558\" height=\"418\" \/><\/p>\n<p>2.Welchingen-Neuhausen<br \/>\n<img loading=\"lazy\" decoding=\"async\" class=\"picasa\" src=\"http:\/\/lh6.ggpht.com\/_I8exHbDnn1Y\/SzZXbjkdY3I\/AAAAAAAACTU\/jX20rsJ_lHM\/s512\/IMG_2808.JPG\" alt=\"\" width=\"561\" height=\"419\" \/><br \/>\n<img loading=\"lazy\" decoding=\"async\" class=\"picasa\" src=\"http:\/\/lh5.ggpht.com\/_I8exHbDnn1Y\/SzZXolXQilI\/AAAAAAAACTY\/DFBX37sthLA\/s512\/IMG_2809.JPG\" alt=\"\" width=\"562\" height=\"419\" \/><\/p>\n<p>3.M\u00fchlhausen (Bild kommt)<\/p>\n<p>4.Singen Landesgartehnschau<\/p>\n<p><img loading=\"lazy\" decoding=\"async\" class=\"picasa\" src=\"http:\/\/lh4.ggpht.com\/_I8exHbDnn1Y\/SzZYNSMYL-I\/AAAAAAAACTk\/4DT5se7hdDk\/s512\/IMG_2827.JPG\" alt=\"\" width=\"539\" height=\"403\" \/><\/p>\n<p><img loading=\"lazy\" decoding=\"async\" class=\"picasa\" src=\"http:\/\/lh3.ggpht.com\/_I8exHbDnn1Y\/SzZX74kxzGI\/AAAAAAAACTc\/IjAxzxaeaGs\/s512\/IMG_2813.JPG\" alt=\"\" width=\"540\" height=\"403\" \/><\/p>\n<p>5.SINGEN (HBF) \u00fcbergang zum Fernverkehr ICE Z\u00fcrich\/Stuttgart IRE Karlsruhe IRonstanz, IRE Basel+Nahverkehr<\/p>\n<p><img decoding=\"async\" class=\"picasa\" src=\"http:\/\/lh3.ggpht.com\/_I8exHbDnn1Y\/SAuOZpNRgTI\/AAAAAAAAAZc\/-W39vncZ-PM\/s512\/IMG_0845.JPG\" alt=\"\" \/><\/p>\n<p>6.Singen-Industriegebiet<br \/>\n<img decoding=\"async\" class=\"picasa\" src=\"http:\/\/lh4.ggpht.com\/_I8exHbDnn1Y\/SFQ6yo0VsnI\/AAAAAAAABZQ\/Olr05H2xTgU\/s512\/IMG_1485.JPG\" alt=\"\" \/><\/p>\n<p>7.B\u00f6hringen-Rickelshausen<br \/>\n<img decoding=\"async\" class=\"picasa\" src=\"http:\/\/lh3.ggpht.com\/_I8exHbDnn1Y\/SHjcjpUcB7I\/AAAAAAAAA5I\/t7aJfG2SMzI\/s512\/IMG_1528.JPG\" alt=\"\" \/><\/p>\n<p>8. Radolfzell Anschlu\u00df an das Seeh\u00e4sle<br \/>\n<img decoding=\"async\" class=\"picasa\" src=\"http:\/\/lh6.ggpht.com\/_I8exHbDnn1Y\/SAuG4ZNRf4I\/AAAAAAAAAU8\/_EDkOfVyHs4\/s512\/seehasnachsingen.JPG\" alt=\"\" \/><\/p>\n<p><img decoding=\"async\" class=\"picasa\" src=\"http:\/\/lh6.ggpht.com\/_I8exHbDnn1Y\/SFQ-YfBsHDI\/AAAAAAAAA2I\/RRI9_fH_4FU\/s512\/IMG_1522.JPG\" alt=\"Seehas-Haltepunkt Radolfzell\" \/><\/p>\n<p>9.Markelfingen<\/p>\n<p><img decoding=\"async\" class=\"picasa\" src=\"http:\/\/lh4.ggpht.com\/_I8exHbDnn1Y\/SSbrLZZINiI\/AAAAAAAABW4\/ZDvbqvtDmh4\/s512\/IMG_1884.JPG\" alt=\"Markelfingen\" \/><\/p>\n<p>10.Allensbach (bild kommt)<\/p>\n<p>11.Hegne<br \/>\n<img decoding=\"async\" class=\"picasa\" src=\"http:\/\/lh6.ggpht.com\/_I8exHbDnn1Y\/SzZb8fRKPsI\/AAAAAAAACUE\/72oq2gjvdb4\/s512\/IMG_0069.JPG\" alt=\"\" \/><br \/>\n<img decoding=\"async\" class=\"picasa\" src=\"http:\/\/lh4.ggpht.com\/_I8exHbDnn1Y\/SzZc8oEXfNI\/AAAAAAAACUI\/nclPOIwwTQ8\/s512\/IMG_0072.JPG\" alt=\"\" \/><\/p>\n<p>12.Reichenau<br \/>\n<img decoding=\"async\" class=\"picasa\" src=\"http:\/\/lh4.ggpht.com\/_I8exHbDnn1Y\/SzZd465C4iI\/AAAAAAAACUQ\/Se2xRiJ5nAw\/s512\/IMG_0086.JPG\" alt=\"\" \/><\/p>\n<p>13.Konstanz-Wollmatingen(Bild kommt demn\u00e4chst)<br \/>\n<img decoding=\"async\" class=\"picasa\" src=\"http:\/\/lh3.ggpht.com\/_I8exHbDnn1Y\/SzZgyxORtsI\/AAAAAAAACUg\/p1h3vE0k8hY\/s512\/IMG_0102.JPG\" alt=\"\" \/><\/p>\n<p>14.Konstanz-F\u00fcrstenberg<br \/>\n<img decoding=\"async\" class=\"picasa\" src=\"http:\/\/lh6.ggpht.com\/_I8exHbDnn1Y\/SzZiibJ-lyI\/AAAAAAAACUs\/TQh1PvGIeik\/s512\/IMG_0111.JPG\" alt=\"\" \/><br \/>\n<img decoding=\"async\" class=\"picasa\" src=\"http:\/\/lh5.ggpht.com\/_I8exHbDnn1Y\/SzZjXhAop5I\/AAAAAAAACU0\/y6RuyzDxlbE\/s512\/IMG_0113.JPG\" alt=\"\" \/><\/p>\n<p>15.Konstanz-Petershausen<br \/>\n<img decoding=\"async\" class=\"picasa\" src=\"http:\/\/lh5.ggpht.com\/_I8exHbDnn1Y\/SSbru0RXCFI\/AAAAAAAABXA\/kQJadvcol-c\/s512\/IMG_1886.JPG\" alt=\"Seehas: Konstanz Petershausen\" \/><br \/>\n<img decoding=\"async\" class=\"picasa\" src=\"http:\/\/lh4.ggpht.com\/_I8exHbDnn1Y\/SzZnItAfHnI\/AAAAAAAACVM\/45c9v446KHE\/s512\/IMG_0123.JPG\" alt=\"\" \/><br \/>\n<img decoding=\"async\" class=\"picasa\" src=\"http:\/\/lh3.ggpht.com\/_I8exHbDnn1Y\/SzZnsXTbhvI\/AAAAAAAACVQ\/I-qwgZX5jtk\/s512\/IMG_0128.JPG\" alt=\"\" \/><\/p>\n<p>Konstanz ENDSTATION<\/p>\n<p><img decoding=\"async\" class=\"picasa\" src=\"http:\/\/lh5.ggpht.com\/_I8exHbDnn1Y\/SAuc2JNRg3I\/AAAAAAAAAf4\/hIFw-id3fGM\/s512\/STB_0490.jpg\" alt=\"\" \/><\/div>\n<\/div>\n<\/div>\n<\/div>\n<\/div>\n<\/div>\n","protected":false},"excerpt":{"rendered":"<p>Start Engen: 2.Welchingen-Neuhausen 3.M\u00fchlhausen (Bild kommt) 4.Singen Landesgartehnschau 5.SINGEN (HBF) \u00fcbergang zum Fernverkehr ICE Z\u00fcrich\/Stuttgart IRE Karlsruhe IRonstanz, IRE Basel+Nahverkehr 6.Singen-Industriegebiet 7.B\u00f6hringen-Rickelshausen 8. Radolfzell Anschlu\u00df an das Seeh\u00e4sle 9.Markelfingen 10.Allensbach (bild kommt) 11.Hegne 12.Reichenau 13.Konstanz-Wollmatingen(Bild kommt demn\u00e4chst) 14.Konstanz-F\u00fcrstenberg 15.Konstanz-Petershausen Konstanz ENDSTATION<\/p>\n","protected":false},"author":1,"featured_media":0,"parent":17,"menu_order":0,"comment_status":"open","ping_status":"open","template":"","meta":{"footnotes":""},"class_list":["post-24","page","type-page","status-publish","hentry"],"_links":{"self":[{"href":"http:\/\/bahn.wegner.in\/index.php?rest_route=\/wp\/v2\/pages\/24","targetHints":{"allow":["GET"]}}],"collection":[{"href":"http:\/\/bahn.wegner.in\/index.php?rest_route=\/wp\/v2\/pages"}],"about":[{"href":"http:\/\/bahn.wegner.in\/index.php?rest_route=\/wp\/v2\/types\/page"}],"author":[{"embeddable":true,"href":"http:\/\/bahn.wegner.in\/index.php?rest_route=\/wp\/v2\/users\/1"}],"replies":[{"embeddable":true,"href":"http:\/\/bahn.wegner.in\/index.php?rest_route=%2Fwp%2Fv2%2Fcomments&post=24"}],"version-history":[{"count":6,"href":"http:\/\/bahn.wegner.in\/index.php?rest_route=\/wp\/v2\/pages\/24\/revisions"}],"predecessor-version":[{"id":27,"href":"http:\/\/bahn.wegner.in\/index.php?rest_route=\/wp\/v2\/pages\/24\/revisions\/27"}],"up":[{"embeddable":true,"href":"http:\/\/bahn.wegner.in\/index.php?rest_route=\/wp\/v2\/pages\/17"}],"wp:attachment":[{"href":"http:\/\/bahn.wegner.in\/index.php?rest_route=%2Fwp%2Fv2%2Fmedia&parent=24"}],"curies":[{"name":"wp","href":"https:\/\/api.w.org\/{rel}","templated":true}]}}