{"id":3,"date":"2009-04-23T01:27:54","date_gmt":"2009-04-22T23:27:54","guid":{"rendered":"http:\/\/test.wegner.in\/?page_id=3"},"modified":"2010-03-26T23:01:59","modified_gmt":"2010-03-26T21:01:59","slug":"seehasle-fahrzeuge","status":"publish","type":"page","link":"http:\/\/bahn.wegner.in\/?page_id=3","title":{"rendered":"Seeh\u00e4sle Fahrzeuge"},"content":{"rendered":"<div class=\"content\" style=\"text-align: center;\">\n<div class=\"Block\">\n<div class=\"Block-body\">\n<div class=\"BlockContent\">\n<div class=\"BlockContent-body\">\n<div id=\"post-38\" class=\"page hentry category-allgemein\">\n<div class=\"entry\">\n<p style=\"text-align: center;\"><span style=\"font-family: Arial; font-size: x-large;\">Betreiber : MTHB bzw. EuroThurbo bzw. SBB <\/span><\/p>\n<p style=\"text-align: center;\"><span style=\"font-family: Arial Black; font-size: x-large;\">Deutschland 1996-2006<\/span><\/p>\n<p style=\"text-align: center;\">\n<div class=\"wp-caption alignnone\" style=\"width: 518px; text-align: center;\"><img loading=\"lazy\" decoding=\"async\" title=\"MTHB Fahrzeug\" src=\"http:\/\/lh3.ggpht.com\/_I8exHbDnn1Y\/SAuAEpNRfXI\/AAAAAAAAAQE\/ogA72vpTwCA\/s640\/1280_3863616435316665.jpg\" alt=\"Zeigt die ersten Fahrzeuge vom Seeh\u00e4sle\" width=\"517\" height=\"387\" \/><\/div>\n<p class=\"wp-caption-text\" style=\"text-align: center;\">Zeigt die ersten Fahrzeuge vom Seeh\u00e4sle<\/p>\n<div class=\"wp-caption alignnone\" style=\"width: 519px;\"><img loading=\"lazy\" decoding=\"async\" title=\"MTHB Fahrzeug GTW \" src=\"http:\/\/lh3.ggpht.com\/_I8exHbDnn1Y\/SAuAbpNRfaI\/AAAAAAAAAQc\/OyfBx_p6KYE\/s640\/1280_3232353536653961.jpg\" alt=\"MTHB hier bereits nach der Abstellung 2006\" width=\"508\" height=\"380\" \/><\/div>\n<p class=\"wp-caption-text\">MTHB hier bereits nach der Abstellung 2006<\/p>\n<p>Baujahr: 1995\/96<br \/>\nMTHB (Bm 596)\u00a0 3 Fahrzeuge 596 671-673,<br \/>\nFahrzeughersteller Stadler (Prototypen)<br \/>\nH\u00f6chstgeschwindigkeit: 120 km\/h<br \/>\n2 Klasse Sitzpl\u00e4tze: 124<br \/>\nKlappsitze: 10<br \/>\nStehpl\u00e4tze: 106<\/p>\n<p>Wurden von der MTHB beschafft. Die Fahrzuege waren am Anfang sehr zuverl\u00e4ssig wurden aber immer anf\u00e4lliger und wurden\u00a0 dann komplett abgestellt. SBB haben aber 2 der Triebz\u00fcge aufgearbeitet und so kam es, dass sie die letzten Monate ohne gr\u00f6\u00dfere M\u00e4ngel fuhren.<br \/>\n2005 wurden kurzerhand alle 3 Fahrzeuge au\u00dfer\u00a0 Betrieb genommen. F\u00fcr Sie Sprangen die Triebz\u00fcge der Ruhrtalbahn,<br \/>\nDe HZL mit RS1 und die Heutigen Stammfahrzeuge NE81 der BOB zum Einsatz.<\/p>\n<p>Da das Seeh\u00e4sle sehr gut angenommen wurde und speziell in den Morgenstunden (speziell Sch\u00fclerverkehr) die Z\u00fcge sehr voll waren, beschaffte die MTHB 2 Steuerwagen von der Sihtalbahn.<br \/>\nDie umgebaut wurden und f\u00fcr die Fernsteuerung der BM 596<br \/>\nvorbereitet wurden. BT 997 u. BT998.<br \/>\n<img loading=\"lazy\" decoding=\"async\" class=\"alignnone\" src=\"http:\/\/lh5.ggpht.com\/_I8exHbDnn1Y\/SAuBXJNRflI\/AAAAAAAAAR4\/EQwrcrANCUY\/s640\/1280_3263353430353265.jpg\" alt=\"\" width=\"458\" height=\"344\" \/><\/p>\n<p>Die Fahrzeuge wurden ab 2005 Fahrplanm\u00e4ssig eingestetzt.(Bild2)<\/p>\n<p><span style=\"font-family: Arial; font-size: x-large;\">Betreiber : HZL nach K\u00fcndigung der SBB <\/span><\/p>\n<p><span style=\"font-family: Arial; font-size: x-large;\">Deutschland durch den Landkreis Konstanz<\/span><\/p>\n<p><span style=\"font-family: Arial; font-size: x-large;\"><br \/>\n<\/span><\/p>\n<p align=\"center\"><span style=\"font-family: Arial Black; font-size: x-large;\">2006-Dez.2008<br \/>\n<\/span><\/p>\n<p align=\"center\"><span style=\"font-family: Arial Black; font-size: x-large;\">\u00dcbergangsbetrieb noch mit alten <\/span><\/p>\n<p align=\"center\"><span style=\"font-family: Arial Black; font-size: x-large;\">Fahrzeugen<\/span><\/p>\n<p align=\"center\">\n<p align=\"center\"><img loading=\"lazy\" decoding=\"async\" class=\"alignnone\" title=\"NE81 in Radolfzell\" src=\"http:\/\/lh3.ggpht.com\/_I8exHbDnn1Y\/SAuBGpNRfiI\/AAAAAAAAARc\/q24wGLC8Htc\/s640\/1280_3162613737396636.jpg\" alt=\"\" width=\"430\" height=\"323\" \/><\/p>\n<p align=\"center\"><img loading=\"lazy\" decoding=\"async\" class=\"alignnone\" title=\"NE81 (HZL Design)\" src=\"http:\/\/lh6.ggpht.com\/_I8exHbDnn1Y\/SAuA2ZNRfeI\/AAAAAAAAAQ8\/FmXMQMQWdAI\/s640\/1280_3438623364376536.jpg\" alt=\"\" width=\"431\" height=\"323\" \/><\/p>\n<p>NE81 &#8211; Die Stammfahrzeuge auf der Seeh\u00e4sle Strecke ( 2006 bis Dez. 2009) 3 der Fahrzeuge sind alte bekannte. Sie sind bereits als Ersatz f\u00fcr die<br \/>\nProblemfahrzeuge der MTHB eingesetzt wurden. Das 4 Fahrzeuge kommt aus Gammertingen direkt von der HZL. Sie fahren in der Hauptverkehrszeit als Doppeltraktion und sonst mit\u00a0 nur einem Triebzug.<br \/>\nTechnische Daten:<br \/>\n(Baujahr 1993) VT 60, VT 61 und VT 62 (Baujahr 1994)<br \/>\n78 Sitzpl\u00e4tze und 100 Stehpl\u00e4tze<br \/>\nV Max. 80 bis 100 km\/h<\/p>\n<p style=\"text-align: center;\"><span style=\"font-family: Arial Black; font-size: x-large;\">Dez.2008-2024<\/span><\/p>\n<p style=\"text-align: center;\"><span style=\"font-family: Arial Black; font-size: x-large;\"><br \/>\nRS1 die &#8222;Neuen&#8220;<br \/>\nSeeh\u00e4sle RS1 werden ab Juni unterwegs sein. <\/span><\/p>\n<p style=\"text-align: center;\">\n<p>Das sind Sie die neuen Seeh\u00e4sle Triebz\u00fcge (254 Stockach)<\/p>\n<p>\u00dcberf\u00fchrung der Seeh\u00e4sle von Berlin nach Immendingen:<\/p>\n<div class=\"wp-caption alignnone\" style=\"width: 584px; text-align: center;\"><img decoding=\"async\" class=\"picasa\" src=\"http:\/\/lh3.ggpht.com\/_I8exHbDnn1Y\/Sj1tWkJr3dI\/AAAAAAAABmk\/2-aJbyRs8oA\/s512\/IMG_2094.JPG\" alt=\"\" \/><\/div>\n<p style=\"text-align: center;\">\n<p class=\"wp-caption-text\" style=\"text-align: center;\">254 &#8222;Stockach&#8220;<br \/>\n<img decoding=\"async\" class=\"picasa aligncenter\" src=\"http:\/\/lh6.ggpht.com\/_I8exHbDnn1Y\/Sj1sep9yg5I\/AAAAAAAABmY\/25Z633qOkbg\/s512\/IMG_2119.JPG\" alt=\"\" \/><\/p>\n<p class=\"wp-caption-text\" style=\"text-align: center;\"><img decoding=\"async\" class=\"picasa\" src=\"http:\/\/lh4.ggpht.com\/_I8exHbDnn1Y\/Sj1stP1yj2I\/AAAAAAAABmc\/WZWCemku1bM\/s512\/IMG_2134.JPG\" alt=\"\" \/><br \/>\n252 &#8222;Radolfzell&#8220;<\/p>\n<p class=\"wp-caption-text\" style=\"text-align: center;\"><img decoding=\"async\" class=\"picasa\" src=\"http:\/\/lh4.ggpht.com\/_I8exHbDnn1Y\/Sj1s3eWBEkI\/AAAAAAAABmg\/3cymnLaGMAI\/s512\/IMG_2137.JPG\" alt=\"\" \/><\/p>\n<p class=\"wp-caption-text\" style=\"text-align: center;\">&#8222;Landkreis Konstanz&#8220; VT 254<\/p>\n<p class=\"wp-caption-text\" style=\"text-align: center;\"><img decoding=\"async\" class=\"picasa\" src=\"http:\/\/lh3.ggpht.com\/_I8exHbDnn1Y\/SzZSkEt86ZI\/AAAAAAAACS4\/l2XGQlv4ZkY\/s512\/IMG_2144.JPG\" alt=\"\" \/><\/p>\n<p class=\"wp-caption-text\" style=\"text-align: center;\">&#8222;Orsingen-Nenzingen&#8220; VT 253<\/p>\n<p class=\"wp-caption-text\" style=\"text-align: center;\"><img decoding=\"async\" class=\"picasa\" src=\"http:\/\/lh4.ggpht.com\/_I8exHbDnn1Y\/Sj1uEayBvII\/AAAAAAAABms\/u5T-ytTcWyg\/s400\/IMG_2102.JPG\" alt=\"\" \/><br \/>\nBild von Innen<br \/>\n<img decoding=\"async\" class=\"picasa\" src=\"http:\/\/lh4.ggpht.com\/_I8exHbDnn1Y\/Sj1uWYrJV7I\/AAAAAAAABmw\/ZJsEH5iOWBc\/s400\/IMG_2104.JPG\" alt=\"\" \/><br \/>\nF\u00fchrerstand<br \/>\n<img decoding=\"async\" class=\"picasa\" src=\"http:\/\/lh6.ggpht.com\/_I8exHbDnn1Y\/Sj102O_Qe7I\/AAAAAAAABnY\/uO4kdilkxqw\/s400\/IMG_2101.JPG\" alt=\"\" \/><br \/>\nOhne WC daf\u00fcr mehr Platz f\u00fcr Fahrr\u00e4der<br \/>\n<img decoding=\"async\" class=\"picasa\" src=\"http:\/\/lh6.ggpht.com\/_I8exHbDnn1Y\/Sj1uhP1wjjI\/AAAAAAAABm0\/Er-grgt9Hn8\/s400\/IMG_2108.JPG\" alt=\"\" \/><br \/>\nSteckdosen gibt es auch<br \/>\n<img decoding=\"async\" class=\"picasa\" src=\"http:\/\/lh5.ggpht.com\/_I8exHbDnn1Y\/Sj1uqZmSbQI\/AAAAAAAABm8\/LiOiguPxpjo\/s400\/IMG_2110.JPG\" alt=\"\" \/><br \/>\nTja wurde von Stadler gebaut<\/p>\n<p style=\"text-align: center;\"><img decoding=\"async\" class=\"picasa  aligncenter\" src=\"http:\/\/lh4.ggpht.com\/_I8exHbDnn1Y\/Sj1uziwgUwI\/AAAAAAAABnA\/ubTdmN4dDYQ\/s400\/IMG_2111.JPG\" alt=\"\" \/><\/p>\n<p align=\"center\"><span style=\"font-family: Arial Black; font-size: x-large;\"><img decoding=\"async\" class=\"picasa\" src=\"http:\/\/lh4.ggpht.com\/_I8exHbDnn1Y\/Sj1u-UBpspI\/AAAAAAAABnE\/QKDCe5CHetg\/s400\/IMG_2117.JPG\" alt=\"\" \/><\/span><\/p>\n<p align=\"center\"><span style=\"font-family: Arial Black; font-size: x-large;\"><br \/>\nRegioshuttle<br \/>\n<\/span><\/p>\n<p align=\"center\">\n<p align=\"center\"><span style=\"font-family: Arial; font-size: large;\">H\u00f6chsteschwindigkeit 120 km\/h<\/span><\/p>\n<p align=\"center\"><span style=\"font-family: Arial; font-size: large;\"><br \/>\nSitzpl\u00e4tze: 68<\/span><\/p>\n<p align=\"center\"><span style=\"font-family: Arial; font-size: large;\">Stehpl\u00e4tze:83 <\/span><\/p>\n<p align=\"center\">\n<p align=\"center\"><span style=\"font-family: Arial; font-size: large;\">Au\u00dferdem waren noch Regiosprinter und MAN Triebz\u00fcge <\/span><\/p>\n<p align=\"center\"><span style=\"font-family: Arial; font-size: large;\">ausserplanm\u00e4\u00dfig auf dem Seeh\u00e4sle unterwegs.<\/span><\/p>\n<p align=\"center\">\n<p align=\"center\"><span style=\"font-family: Arial Black; font-size: x-large;\">Die Wartung:<\/span><\/p>\n<p><img decoding=\"async\" class=\"picasa\" src=\"http:\/\/lh5.ggpht.com\/_I8exHbDnn1Y\/Suw1BlgCgII\/AAAAAAAACNQ\/Vx7QBpRr9-c\/s512\/IMG_2765.JPG\" alt=\"\" \/><br \/>\n<strong><br \/>\nIm BW Immendingen werden die<br \/>\nSeeh\u00e4sle gewartet.<\/strong><\/p>\n<p>Freitags geht es zum BW.<img decoding=\"async\" class=\"picasa\" src=\"http:\/\/lh6.ggpht.com\/_I8exHbDnn1Y\/SzZVvTg--qI\/AAAAAAAACTA\/C7xLtFbyvEo\/s512\/IMG_2778.JPG\" alt=\"\" \/><br \/>\nGetankt wird im Zwinger in Stockach:<\/p>\n<p><img decoding=\"async\" class=\"picasa\" src=\"http:\/\/lh3.ggpht.com\/_I8exHbDnn1Y\/SzZZYARMj1I\/AAAAAAAACTo\/CiDDBNpKv28\/s512\/IMG_2113.JPG\" alt=\"\" \/><\/div>\n<\/div>\n<\/div>\n<\/div>\n<\/div>\n<\/div>\n<\/div>\n","protected":false},"excerpt":{"rendered":"<p>Betreiber : MTHB bzw. EuroThurbo bzw. SBB Deutschland 1996-2006 Zeigt die ersten Fahrzeuge vom Seeh\u00e4sle MTHB hier bereits nach der Abstellung 2006 Baujahr: 1995\/96 MTHB (Bm 596)\u00a0 3 Fahrzeuge 596 671-673, Fahrzeughersteller Stadler (Prototypen) H\u00f6chstgeschwindigkeit: 120 km\/h 2 Klasse Sitzpl\u00e4tze: 124 Klappsitze: 10 Stehpl\u00e4tze: 106 Wurden von der MTHB beschafft. Die Fahrzuege waren am Anfang [&hellip;]<\/p>\n","protected":false},"author":1,"featured_media":0,"parent":2,"menu_order":0,"comment_status":"open","ping_status":"open","template":"","meta":{"footnotes":""},"class_list":["post-3","page","type-page","status-publish","hentry"],"_links":{"self":[{"href":"http:\/\/bahn.wegner.in\/index.php?rest_route=\/wp\/v2\/pages\/3","targetHints":{"allow":["GET"]}}],"collection":[{"href":"http:\/\/bahn.wegner.in\/index.php?rest_route=\/wp\/v2\/pages"}],"about":[{"href":"http:\/\/bahn.wegner.in\/index.php?rest_route=\/wp\/v2\/types\/page"}],"author":[{"embeddable":true,"href":"http:\/\/bahn.wegner.in\/index.php?rest_route=\/wp\/v2\/users\/1"}],"replies":[{"embeddable":true,"href":"http:\/\/bahn.wegner.in\/index.php?rest_route=%2Fwp%2Fv2%2Fcomments&post=3"}],"version-history":[{"count":11,"href":"http:\/\/bahn.wegner.in\/index.php?rest_route=\/wp\/v2\/pages\/3\/revisions"}],"predecessor-version":[{"id":6,"href":"http:\/\/bahn.wegner.in\/index.php?rest_route=\/wp\/v2\/pages\/3\/revisions\/6"}],"up":[{"embeddable":true,"href":"http:\/\/bahn.wegner.in\/index.php?rest_route=\/wp\/v2\/pages\/2"}],"wp:attachment":[{"href":"http:\/\/bahn.wegner.in\/index.php?rest_route=%2Fwp%2Fv2%2Fmedia&parent=3"}],"curies":[{"name":"wp","href":"https:\/\/api.w.org\/{rel}","templated":true}]}}