{"id":42,"date":"2009-04-23T01:59:14","date_gmt":"2009-04-22T23:59:14","guid":{"rendered":"http:\/\/test.wegner.in\/?page_id=42"},"modified":"2020-01-11T16:07:46","modified_gmt":"2020-01-11T14:07:46","slug":"gaubahn","status":"publish","type":"page","link":"http:\/\/bahn.wegner.in\/?page_id=42","title":{"rendered":"G\u00e4ubahn"},"content":{"rendered":"<div class=\"content\">\n<div class=\"Block\">\n<div class=\"Block-body\">\n<div class=\"BlockContent\">\n<div class=\"BlockContent-body\">\n<div id=\"post-2\" class=\"page hentry category-allgemein\">\n<h2>G\u00e4ubahn<\/h2>\n<p><object width=\"425\" height=\"350\" classid=\"clsid:d27cdb6e-ae6d-11cf-96b8-444553540000\" codebase=\"http:\/\/download.macromedia.com\/pub\/shockwave\/cabs\/flash\/swflash.cab#version=6,0,40,0\"><param name=\"data\" value=\"http:\/\/www.youtube.com\/v\/4pbB0FZpQqs\" \/><param name=\"src\" value=\"http:\/\/www.youtube.com\/v\/4pbB0FZpQqs\" \/><embed type=\"application\/x-shockwave-flash\" src=\"http:\/\/www.youtube.com\/v\/4pbB0FZpQqs\" data=\"http:\/\/www.youtube.com\/v\/4pbB0FZpQqs\" width=\"425\" height=\"350\" \/><\/object><\/p>\n<p>\u00a0<\/p>\n<div class=\"entry\">\n<p style=\"text-align: center;\">Auszug aus Wikpedia.org<\/p>\n<p style=\"text-align: center;\"><span style=\"font-family: Arial Black;\">Die <strong>G\u00e4ubahn<\/strong> ist eine Bahnstrecke im s\u00fcdlichen Baden-W\u00fcrttemberg. Von <a title=\"Stuttgart\" href=\"http:\/\/de.wikipedia.org\/wiki\/Stuttgart\">Stuttgart<\/a> aus f\u00fchrt sie nach <a title=\"Eutingen im G\u00e4u\" href=\"http:\/\/de.wikipedia.org\/wiki\/Eutingen_im_G%C3%83%C2%A4u\">Eutingen im G\u00e4u<\/a>, wo eine Verzweigung in Richtung <a title=\"Freudenstadt\" href=\"http:\/\/de.wikipedia.org\/wiki\/Freudenstadt\">Freudenstadt<\/a> und <a title=\"Singen (Hohentwiel)\" href=\"http:\/\/de.wikipedia.org\/wiki\/Singen_%28Hohentwiel%29\">Singen am Hohentwiel<\/a> erfolgt. Die Strecke verl\u00e4uft durch das <a title=\"G\u00e4u (Baden-W\u00fcrttemberg)\" href=\"http:\/\/de.wikipedia.org\/wiki\/G%C3%83%C2%A4u_%28Baden-W%C3%83%C2%BCrttemberg%29\">G\u00e4u<\/a>, entlang des <a title=\"Neckar\" href=\"http:\/\/de.wikipedia.org\/wiki\/Neckar\">Neckars<\/a>, durch Ausl\u00e4ufer des <a title=\"Schwarzwald\" href=\"http:\/\/de.wikipedia.org\/wiki\/Schwarzwald\">Schwarzwalds<\/a> und dann entlang der <a title=\"Radolfzeller Aach\" href=\"http:\/\/de.wikipedia.org\/wiki\/Radolfzeller_Aach\">Radolfzeller Aach<\/a>. In <a title=\"Immendingen\" href=\"http:\/\/de.wikipedia.org\/wiki\/Immendingen\">Immendingen<\/a>-Hattingen geht die G\u00e4ubahn auf die <a title=\"Schwarzwaldbahn\" href=\"http:\/\/de.wikipedia.org\/wiki\/Schwarzwaldbahn\">Schwarzwaldbahn<\/a> \u00fcber. Die G\u00e4ubahn im Abschnitt Hattingen\u2013Singen ist damit identisch mit der Schwarzwaldbahn in diesem Streckenabschnitt.<\/span><\/p>\n<p style=\"text-align: center;\"><span style=\"font-family: Arial Black; color: #ff0000;\">Die Geschichte<\/span>Auszug aus Wikpedia.org<\/p>\n<p style=\"text-align: center;\"><span style=\"font-family: Arial Black;\">Die heutige G\u00e4ubahn entstand urspr\u00fcnglich aus verschiedenen unterschiedlichen Strecken. 1859 erreichte die <a title=\"Obere Neckarbahn\" href=\"http:\/\/de.wikipedia.org\/wiki\/Obere_Neckarbahn\">Obere Neckarbahn<\/a><a title=\"Reutlingen\" href=\"http:\/\/de.wikipedia.org\/wiki\/Reutlingen\">Reutlingen<\/a> aus Richtung <a title=\"Plochingen\" href=\"http:\/\/de.wikipedia.org\/wiki\/Plochingen\">Plochingen<\/a>, etappenweise erfolgte der Weiterbau \u00fcber <a title=\"T\u00fcbingen\" href=\"http:\/\/de.wikipedia.org\/wiki\/T%C3%83%C2%BCbingen\">T\u00fcbingen<\/a> und <a title=\"Horb am Neckar\" href=\"http:\/\/de.wikipedia.org\/wiki\/Horb_am_Neckar\">Horb am Neckar<\/a> nach <a title=\"Rottweil\" href=\"http:\/\/de.wikipedia.org\/wiki\/Rottweil\">Rottweil<\/a>. Der letzte Abschnitt konnte erst 1869 in Betrieb gehen, da die Strecke \u00fcber hohenzollerisches Gebiet f\u00fchrte und sich <a title=\"Hohenzollern\" href=\"http:\/\/de.wikipedia.org\/wiki\/Hohenzollern\">Hohenzollern<\/a> lange gegen den Bahnbau sperrte. Der Anschluss an die <a title=\"Badische Staatseisenbahnen\" href=\"http:\/\/de.wikipedia.org\/wiki\/Badische_Staatseisenbahnen\">Badische Staatsbahn<\/a> erfolgte in <a title=\"Immendingen\" href=\"http:\/\/de.wikipedia.org\/wiki\/Immendingen\">Immendingen<\/a> und <a title=\"Villingen\" href=\"http:\/\/de.wikipedia.org\/wiki\/Villingen\">Villingen<\/a>.<\/span><\/p>\n<p style=\"text-align: center;\"><span style=\"font-family: Arial Black;\">Der Nachteil dieser Streckenf\u00fchrung, insbesondere im Verkehr mit der <a title=\"Schweiz\" href=\"http:\/\/de.wikipedia.org\/wiki\/Schweiz\">Schweiz<\/a> war die umwegige Streckenf\u00fchrung durch das <a title=\"Neckar\" href=\"http:\/\/de.wikipedia.org\/wiki\/Neckar\">Neckartal<\/a>. Aus diesem Grund wurde eine direkte Strecke von Stuttgart \u00fcber Eutingen im G\u00e4u nach Freudenstadt konzipiert, welche durch das G\u00e4u f\u00fchrte, die dortigen Gemeinden an die Eisenbahn anschloss und in Eutingen an die <a title=\"Nagoldtalbahn\" href=\"http:\/\/de.wikipedia.org\/wiki\/Nagoldtalbahn\">Nagoldtalbahn<\/a> angebunden wurde. Dies war der Beginn der heutigen G\u00e4ubahn. Diese Strecke konnte im Jahr 1879 durch die <a title=\"K\u00f6niglich W\u00fcrttembergische Staats-Eisenbahnen\" href=\"http:\/\/de.wikipedia.org\/wiki\/K%C3%83%C2%B6niglich_W%C3%83%C2%BCrttembergische_Staats-Eisenbahnen\">K\u00f6niglich W\u00fcrttembergische Staats-Eisenbahnen<\/a> er\u00f6ffnet werden.<\/span><\/p>\n<p style=\"text-align: center;\"><span style=\"font-family: Arial Black;\"><a title=\"1919\" href=\"http:\/\/de.wikipedia.org\/wiki\/1919\">1919<\/a> erfolgte die \u00dcbernahme durch die <a title=\"Deutsche Reichsbahn\" href=\"http:\/\/de.wikipedia.org\/wiki\/Deutsche_Reichsbahn\">Deutsche Reichsbahn<\/a>. 1934 folgten gro\u00dfz\u00fcgige Ausbauma\u00dfnahmen auf der gesamten G\u00e4ubahn: Zweigleisiger Ausbau, neue Bahnh\u00f6fe in Eutingen und Tuttlingen sowie Er\u00f6ffnung der eingleisigen <a title=\"Verbindungskurve\" href=\"http:\/\/de.wikipedia.org\/wiki\/Verbindungskurve\">Verbindungskurve<\/a> zwischen Tuttlingen und der <a title=\"Schwarzwaldbahn\" href=\"http:\/\/de.wikipedia.org\/wiki\/Schwarzwaldbahn\">Schwarzwaldbahn<\/a> bei <a title=\"Immendingen\" href=\"http:\/\/de.wikipedia.org\/wiki\/Immendingen\">Hattingen (Baden)<\/a>, wodurch das Kopfmachen in <a title=\"Immendingen\" href=\"http:\/\/de.wikipedia.org\/wiki\/Immendingen\">Immendingen<\/a> entfiel. Die Reisezeit konnte dadurch erheblich verk\u00fcrzt werden.<\/span><\/p>\n<p style=\"text-align: center;\"><span style=\"font-family: Arial Black;\"><a title=\"1946\" href=\"http:\/\/de.wikipedia.org\/wiki\/1946\">1946<\/a> wurde jedoch das zweite Gleis zwischen Horb und Tuttlingen durch die franz\u00f6sische <a title=\"Besatzungsmacht\" href=\"http:\/\/de.wikipedia.org\/wiki\/Besatzungsmacht\">Besatzungsmacht<\/a> demontiert. Die <a title=\"Deutsche Bundesbahn\" href=\"http:\/\/de.wikipedia.org\/wiki\/Deutsche_Bundesbahn\">Deutsche Bundesbahn<\/a> \u00fcbernahm die Strecke und <a title=\"Elektrifizierung\" href=\"http:\/\/de.wikipedia.org\/wiki\/Elektrifizierung\">elektrifizierte<\/a> sie bis 1977 durchgehend. 1985 wurde der <a title=\"Tunnel\" href=\"http:\/\/de.wikipedia.org\/wiki\/Tunnel\">Tunnel<\/a> Stuttgart-Schwabstra\u00dfe\u2013Stuttgart-Vaihingen, den die Linien S1, S2 und S3 der <a title=\"S-Bahn Stuttgart\" href=\"http:\/\/de.wikipedia.org\/wiki\/S-Bahn_Stuttgart\">S-Bahn Stuttgart<\/a> befahren, er\u00f6ffnet. Gleichzeitig entfiel der Nahverkehr auf der so genannten Panoramastrecke zwischen Stuttgart Hbf und Stuttgart-Vaihingen \u00fcber den Westbahnhof, der damit stillgelegt wurde. Die Z\u00fcge des Fern- und Regionalverkehrs benutzen nach wie vor diese Strecke, halten aber nicht mehr zwischen Stuttgart Hbf und B\u00f6blingen. 1994 \u00fcbernahm die <a title=\"Deutsche Bahn AG\" href=\"http:\/\/de.wikipedia.org\/wiki\/Deutsche_Bahn_AG\">Deutsche Bahn AG<\/a> die G\u00e4ubahn.<\/span><\/p>\n<p style=\"text-align: center;\"><span style=\"font-family: Arial Black; color: #0000ff;\">Nachteile Fernverkehr:<\/span><\/p>\n<p style=\"text-align: center;\"><span style=\"font-family: Arial Black;\">Gro\u00dfer Nachteil ist dass, das 2 Gleis fehlt, insbesondere im Abschnitt Rottweil-Tuttlingen da G\u00fcterz\u00fcge,Ringzug und Fernverkehr aufeinander treffen. Ein weiterer nachteil ist: das durch die Kurzwende(damit spart die Bahn eine ICE-T Garnitur) Kurzwende betr\u00e4gt in Stuttgart 8 Minuten. Dadurch wird bei Versp\u00e4tung, eine Kettenreaktion ausgel\u00f6st und der ICE-T ist auf dem Weg nach Z\u00fcrich bereits am Start mit Versp\u00e4tung belastet.<br \/>Ein weiterer Nachteil besteht darin das der ICE-T keinen Anchlu\u00df hat aus dem Norden wenn ICE aus K\u00f6ln oder Hamburg ankommt ist der ICE-T bereits weg der Nahverkehr muss diese Reisenden aufnehmen.<\/span><\/p>\n<p style=\"text-align: center;\">Fahrzeuge von DB Regio Stuttgart R146 1 und Dostos:<br \/><img loading=\"lazy\" decoding=\"async\" class=\"aligncenter\" title=\"Doppestockzug in Stuttgart\" src=\"http:\/\/lh3.ggpht.com\/_I8exHbDnn1Y\/SLCfjmR8__I\/AAAAAAAAA_M\/__-AJH9fRrc\/s640\/IMG_1817.JPG\" alt=\"\" width=\"556\" height=\"417\" \/><\/p>\n<p style=\"text-align: center;\">Fernverkehr: bis M\u00e4rz 2010<\/p>\n<p style=\"text-align: center;\">\u00a0<\/p>\n<div class=\"wp-caption aligncenter\" style=\"width: 533px;\">\n<p><img loading=\"lazy\" decoding=\"async\" title=\"ICE-T BR411 \" src=\"http:\/\/lh4.ggpht.com\/_I8exHbDnn1Y\/SLCi_lXhqJI\/AAAAAAAABBY\/R0bRFPPgu30\/s640\/IMG_1837.JPG\" alt=\"ICE-T in Stuttgart Kurzwende 8 Minuten \" width=\"523\" height=\"392\" \/><\/p>\n<p class=\"wp-caption-text\">ICE-T in Stuttgart Kurzwende 8 Minuten<\/p>\n<\/div>\n<p style=\"text-align: center;\">\u00a0<\/p>\n<p style=\"text-align: center;\"><span style=\"font-family: Arial Black;\">Fernverkehr ab M\u00e4rz 2010<\/span><\/p>\n<p style=\"text-align: center;\">\u00a0<\/p>\n<p style=\"text-align: center;\">\u00a0<\/p>\n<p style=\"text-align: center;\"><span style=\"font-family: Arial Black;\"><img decoding=\"async\" class=\"picasa\" src=\"http:\/\/lh3.ggpht.com\/-5McAAQ9S-v0\/S_r2c7oN8PI\/AAAAAAAAC-8\/qIP-NPR5gY0\/s512\/IMG_0405.JPG\" alt=\"\" \/><br \/><\/span><\/p>\n<\/div>\n<\/div>\n<p>\u00a0\u00a0\u00a0\u00a0\u00a0\u00a0\u00a0\u00a0\u00a0\u00a0\u00a0\u00a0\u00a0\u00a0\u00a0\u00a0\u00a0 Fernverkehr ab Dezember 2017 St\u00fcndlicher IC Verkehr <\/p>\n<p><img decoding=\"async\" class=\"picasa\" src=\"http:\/\/lh3.ggpht.com\/-5McAAQ9S-v0\/S_r2c7oN8PI\/AAAAAAAAC-8\/qIP-NPR5gY0\/s512\/IMG_0405.JPG\" alt=\"\" \/><\/p>\n<p>\u00a0<\/p>\n<p>\u00a0<\/p>\n<\/div>\n<\/div>\n<\/div>\n<\/div>\n<\/div>\n\n\n<p><\/p>\n","protected":false},"excerpt":{"rendered":"<p>G\u00e4ubahn \u00a0 Auszug aus Wikpedia.org Die G\u00e4ubahn ist eine Bahnstrecke im s\u00fcdlichen Baden-W\u00fcrttemberg. Von Stuttgart aus f\u00fchrt sie nach Eutingen im G\u00e4u, wo eine Verzweigung in Richtung Freudenstadt und Singen am Hohentwiel erfolgt. Die Strecke verl\u00e4uft durch das G\u00e4u, entlang des Neckars, durch Ausl\u00e4ufer des Schwarzwalds und dann entlang der Radolfzeller Aach. In Immendingen-Hattingen geht [&hellip;]<\/p>\n","protected":false},"author":1,"featured_media":0,"parent":32,"menu_order":0,"comment_status":"open","ping_status":"open","template":"","meta":{"footnotes":""},"class_list":["post-42","page","type-page","status-publish","hentry"],"_links":{"self":[{"href":"http:\/\/bahn.wegner.in\/index.php?rest_route=\/wp\/v2\/pages\/42","targetHints":{"allow":["GET"]}}],"collection":[{"href":"http:\/\/bahn.wegner.in\/index.php?rest_route=\/wp\/v2\/pages"}],"about":[{"href":"http:\/\/bahn.wegner.in\/index.php?rest_route=\/wp\/v2\/types\/page"}],"author":[{"embeddable":true,"href":"http:\/\/bahn.wegner.in\/index.php?rest_route=\/wp\/v2\/users\/1"}],"replies":[{"embeddable":true,"href":"http:\/\/bahn.wegner.in\/index.php?rest_route=%2Fwp%2Fv2%2Fcomments&post=42"}],"version-history":[{"count":7,"href":"http:\/\/bahn.wegner.in\/index.php?rest_route=\/wp\/v2\/pages\/42\/revisions"}],"predecessor-version":[{"id":466,"href":"http:\/\/bahn.wegner.in\/index.php?rest_route=\/wp\/v2\/pages\/42\/revisions\/466"}],"up":[{"embeddable":true,"href":"http:\/\/bahn.wegner.in\/index.php?rest_route=\/wp\/v2\/pages\/32"}],"wp:attachment":[{"href":"http:\/\/bahn.wegner.in\/index.php?rest_route=%2Fwp%2Fv2%2Fmedia&parent=42"}],"curies":[{"name":"wp","href":"https:\/\/api.w.org\/{rel}","templated":true}]}}