{"id":44,"date":"2009-04-23T02:00:20","date_gmt":"2009-04-23T00:00:20","guid":{"rendered":"http:\/\/test.wegner.in\/?page_id=44"},"modified":"2010-03-22T21:16:30","modified_gmt":"2010-03-22T19:16:30","slug":"hochrheinstrecke","status":"publish","type":"page","link":"http:\/\/bahn.wegner.in\/?page_id=44","title":{"rendered":"Hochrheinstrecke"},"content":{"rendered":"<div class=\"content\">\n<div class=\"Block\">\n<div class=\"Block-body\">\n<div class=\"BlockContent\">\n<div class=\"BlockContent-body\">\n<div id=\"post-21\" class=\"page hentry category-allgemein\">\n<h2>Hochrhrheinstrecke<\/h2>\n<div class=\"entry\">\n<p>Die Strecke von Singen nach Basel Bad Bahnhof.<br \/>\nSie f\u00fchrt intressanterweise \u00fcber einen Teil der Schweiz.<br \/>\nBR611 f\u00e4hrt hier mit Neigetechnick und BR426 als S-Bahn von Singen-Schaffhausen.<br \/>\n<img loading=\"lazy\" decoding=\"async\" class=\"picasa\" src=\"http:\/\/lh3.ggpht.com\/_I8exHbDnn1Y\/SAuMTpNRgPI\/AAAAAAAAAYk\/O1sIuOsQw4w\/s512\/IMG_1423.JPG\" alt=\"\" width=\"656\" height=\"491\" \/><\/p>\n<div class=\"wp-caption alignnone\" style=\"width: 650px;\"><img loading=\"lazy\" decoding=\"async\" title=\"BR 426 in Singen\" src=\"http:\/\/lh6.ggpht.com\/_I8exHbDnn1Y\/SAuRgZNRgeI\/AAAAAAAAAbM\/mCWvUPVel4k\/s640\/IMG_0854.JPG\" alt=\"S-Bahn Singen-Schaffhausen\" width=\"640\" height=\"480\" \/><\/p>\n<p class=\"wp-caption-text\">S-Bahn Singen-Schaffhausen<\/p>\n<\/div>\n<p><object width=\"425\" height=\"350\" data=\"http:\/\/www.youtube.com\/v\/xKNTCvkAcFo\" type=\"application\/x-shockwave-flash\"><param name=\"src\" value=\"http:\/\/www.youtube.com\/v\/xKNTCvkAcFo\" \/><\/object><\/p>\n<p>Morgends f\u00e4hrt auch BR628 als Schulzug.<\/p>\n<p><img loading=\"lazy\" decoding=\"async\" class=\"alignnone\" title=\"BR 628 in Singen\" src=\"http:\/\/lh4.ggpht.com\/_I8exHbDnn1Y\/SAuSi5NRgjI\/AAAAAAAAAb0\/RkW9Q79Hhqg\/s800\/IMG_0863.JPG\" alt=\"\" width=\"658\" height=\"493\" \/><\/div>\n<\/div>\n<\/div>\n<\/div>\n<\/div>\n<\/div>\n<\/div>\n","protected":false},"excerpt":{"rendered":"<p>Hochrhrheinstrecke Die Strecke von Singen nach Basel Bad Bahnhof. Sie f\u00fchrt intressanterweise \u00fcber einen Teil der Schweiz. BR611 f\u00e4hrt hier mit Neigetechnick und BR426 als S-Bahn von Singen-Schaffhausen. S-Bahn Singen-Schaffhausen Morgends f\u00e4hrt auch BR628 als Schulzug.<\/p>\n","protected":false},"author":1,"featured_media":0,"parent":32,"menu_order":0,"comment_status":"open","ping_status":"open","template":"","meta":{"footnotes":""},"class_list":["post-44","page","type-page","status-publish","hentry"],"_links":{"self":[{"href":"http:\/\/bahn.wegner.in\/index.php?rest_route=\/wp\/v2\/pages\/44","targetHints":{"allow":["GET"]}}],"collection":[{"href":"http:\/\/bahn.wegner.in\/index.php?rest_route=\/wp\/v2\/pages"}],"about":[{"href":"http:\/\/bahn.wegner.in\/index.php?rest_route=\/wp\/v2\/types\/page"}],"author":[{"embeddable":true,"href":"http:\/\/bahn.wegner.in\/index.php?rest_route=\/wp\/v2\/users\/1"}],"replies":[{"embeddable":true,"href":"http:\/\/bahn.wegner.in\/index.php?rest_route=%2Fwp%2Fv2%2Fcomments&post=44"}],"version-history":[{"count":6,"href":"http:\/\/bahn.wegner.in\/index.php?rest_route=\/wp\/v2\/pages\/44\/revisions"}],"predecessor-version":[{"id":206,"href":"http:\/\/bahn.wegner.in\/index.php?rest_route=\/wp\/v2\/pages\/44\/revisions\/206"}],"up":[{"embeddable":true,"href":"http:\/\/bahn.wegner.in\/index.php?rest_route=\/wp\/v2\/pages\/32"}],"wp:attachment":[{"href":"http:\/\/bahn.wegner.in\/index.php?rest_route=%2Fwp%2Fv2%2Fmedia&parent=44"}],"curies":[{"name":"wp","href":"https:\/\/api.w.org\/{rel}","templated":true}]}}