{"id":468,"date":"2020-01-11T18:05:20","date_gmt":"2020-01-11T16:05:20","guid":{"rendered":"http:\/\/bahn.wegner.in\/?page_id=468"},"modified":"2020-01-11T18:05:20","modified_gmt":"2020-01-11T16:05:20","slug":"trainsimulator","status":"publish","type":"page","link":"http:\/\/bahn.wegner.in\/?page_id=468","title":{"rendered":"Trainsimulator"},"content":{"rendered":"\n<p><a href=\"https:\/\/www.youtube.com\/channel\/UC9_j_URzvqA2cY5w5smcHcg?view_as=subscriber\">Hier gehts zu meinem Youtube Channel&#8230;&#8230;<\/a><\/p>\n\n\n\n<p>Es gibt ein sch\u00f6nes Repaintpack f\u00fcr die Baureihe 650 da ist auch ein HZL Seeh\u00e4sle Repaint dabei.<br><br>Rail-sim.de<\/p>\n\n\n\n<p><\/p>\n\n\n\n<p><\/p>\n","protected":false},"excerpt":{"rendered":"<p>Hier gehts zu meinem Youtube Channel&#8230;&#8230; Es gibt ein sch\u00f6nes Repaintpack f\u00fcr die Baureihe 650 da ist auch ein HZL Seeh\u00e4sle Repaint dabei. Rail-sim.de<\/p>\n","protected":false},"author":1,"featured_media":0,"parent":0,"menu_order":0,"comment_status":"closed","ping_status":"closed","template":"","meta":{"footnotes":""},"class_list":["post-468","page","type-page","status-publish","hentry"],"_links":{"self":[{"href":"http:\/\/bahn.wegner.in\/index.php?rest_route=\/wp\/v2\/pages\/468","targetHints":{"allow":["GET"]}}],"collection":[{"href":"http:\/\/bahn.wegner.in\/index.php?rest_route=\/wp\/v2\/pages"}],"about":[{"href":"http:\/\/bahn.wegner.in\/index.php?rest_route=\/wp\/v2\/types\/page"}],"author":[{"embeddable":true,"href":"http:\/\/bahn.wegner.in\/index.php?rest_route=\/wp\/v2\/users\/1"}],"replies":[{"embeddable":true,"href":"http:\/\/bahn.wegner.in\/index.php?rest_route=%2Fwp%2Fv2%2Fcomments&post=468"}],"version-history":[{"count":2,"href":"http:\/\/bahn.wegner.in\/index.php?rest_route=\/wp\/v2\/pages\/468\/revisions"}],"predecessor-version":[{"id":475,"href":"http:\/\/bahn.wegner.in\/index.php?rest_route=\/wp\/v2\/pages\/468\/revisions\/475"}],"wp:attachment":[{"href":"http:\/\/bahn.wegner.in\/index.php?rest_route=%2Fwp%2Fv2%2Fmedia&parent=468"}],"curies":[{"name":"wp","href":"https:\/\/api.w.org\/{rel}","templated":true}]}}