{"id":9,"date":"2009-04-23T01:34:37","date_gmt":"2009-04-22T23:34:37","guid":{"rendered":"http:\/\/test.wegner.in\/?page_id=9"},"modified":"2009-06-11T20:35:56","modified_gmt":"2009-06-11T18:35:56","slug":"seehasle-stationen","status":"publish","type":"page","link":"http:\/\/bahn.wegner.in\/?page_id=9","title":{"rendered":"Seeh\u00e4sle Stationen"},"content":{"rendered":"<div class=\"content\">\n<div class=\"Block\">\n<div class=\"Block-body\">\n<div class=\"BlockContent\">\n<div class=\"BlockContent-body\">\n<div id=\"post-101\" class=\"page hentry category-allgemein\">\n<h2>Seeh\u00e4sle Stationen<\/h2>\n<div class=\"entry\">\n<p style=\"text-align: center;\">Das Seeh\u00e4sle beginnt seine Fahrt in Radolfzell:<br \/>\n<img loading=\"lazy\" decoding=\"async\" class=\"aligncenter\" title=\"Seeh\u00e4sle in Radolfzell\" src=\"http:\/\/lh5.ggpht.com\/_I8exHbDnn1Y\/SCC16ML4MrI\/AAAAAAAAAjY\/HiTgs1YRVHA\/s640\/IMG_1437.JPG\" alt=\"\" width=\"467\" height=\"350\" \/><\/p>\n<p style=\"text-align: center;\">N\u00e4chster Halt ist Radolfzell Haselbrunn:<br \/>\n<img loading=\"lazy\" decoding=\"async\" class=\"aligncenter\" title=\"Seeh\u00e4sle Haltepunkt in Radolfzell-Haselbrunn\" src=\"http:\/\/lh5.ggpht.com\/_I8exHbDnn1Y\/SPOdlfIwI4I\/AAAAAAAABSk\/TzqPXFtdo1c\/s640\/IMG_1533.JPG\" alt=\"\" width=\"461\" height=\"345\" \/><br \/>\n<img loading=\"lazy\" decoding=\"async\" class=\"aligncenter\" title=\"Blick Richtung Stockach\" src=\"http:\/\/lh3.ggpht.com\/_I8exHbDnn1Y\/SPOekR8Cx9I\/AAAAAAAABTA\/xMvaMwAXanc\/s640\/IMG_1536.JPG\" alt=\"\" width=\"447\" height=\"334\" \/><\/p>\n<p style=\"text-align: center;\">N\u00e4chster Halt Stahringen:<\/p>\n<div class=\"wp-caption aligncenter\" style=\"width: 542px;\"><img loading=\"lazy\" decoding=\"async\" title=\"NE81 \" src=\"http:\/\/lh4.ggpht.com\/_I8exHbDnn1Y\/SAt_W5NRfRI\/AAAAAAAAAPU\/QaDMoti3Mfw\/s640\/1280_6566306264386564.jpg\" alt=\"NE81 in Stahringen auf der fahrt nach Stockach \" width=\"532\" height=\"399\" \/><\/p>\n<p class=\"wp-caption-text\">NE81 in Stahringen auf der fahrt nach Stockach<\/p>\n<\/div>\n<p>N\u00e4chster Halt:Wahlwies<\/p>\n<div class=\"wp-caption aligncenter\" style=\"width: 553px;\"><img loading=\"lazy\" decoding=\"async\" title=\"Wahlwies\" src=\"http:\/\/lh5.ggpht.com\/_I8exHbDnn1Y\/SSboIkboaRI\/AAAAAAAABVo\/6xWYxbg4Sag\/s640\/IMG_1936.JPG\" alt=\"Wahlwies\" width=\"543\" height=\"407\" \/><\/p>\n<p class=\"wp-caption-text\">Wahlwies<\/p>\n<\/div>\n<p>N\u00e4chster Halt Nennzingen:<\/p>\n<p><img decoding=\"async\" class=\"picasa\" src=\"http:\/\/lh5.ggpht.com\/_I8exHbDnn1Y\/SjFCddfutuI\/AAAAAAAABiU\/UBeR3TUJhf4\/s512\/IMG_2018.JPG\" alt=\"\" \/><\/p>\n<div class=\"wp-caption aligncenter\" style=\"width: 576px;\">\n<p class=\"wp-caption-text\">Nennzingen<\/p>\n<\/div>\n<p>ENDSTATION Stockach:<\/p>\n<p><img loading=\"lazy\" decoding=\"async\" class=\"picasa\" src=\"http:\/\/lh3.ggpht.com\/_I8exHbDnn1Y\/SjFIgdOc4BI\/AAAAAAAABjc\/u5NNJRE4XxY\/s512\/IMG_2073.JPG\" alt=\"\" width=\"547\" height=\"410\" \/><\/p>\n<div class=\"wp-caption aligncenter\" style=\"width: 568px;\">\n<p class=\"wp-caption-text\">Stockach<\/p>\n<\/div>\n<\/div>\n<\/div>\n<\/div>\n<\/div>\n<\/div>\n<\/div>\n<\/div>\n","protected":false},"excerpt":{"rendered":"<p>Seeh\u00e4sle Stationen Das Seeh\u00e4sle beginnt seine Fahrt in Radolfzell: N\u00e4chster Halt ist Radolfzell Haselbrunn: N\u00e4chster Halt Stahringen: NE81 in Stahringen auf der fahrt nach Stockach N\u00e4chster Halt:Wahlwies Wahlwies N\u00e4chster Halt Nennzingen: Nennzingen ENDSTATION Stockach: Stockach<\/p>\n","protected":false},"author":1,"featured_media":0,"parent":2,"menu_order":0,"comment_status":"open","ping_status":"open","template":"","meta":{"footnotes":""},"class_list":["post-9","page","type-page","status-publish","hentry"],"_links":{"self":[{"href":"http:\/\/bahn.wegner.in\/index.php?rest_route=\/wp\/v2\/pages\/9","targetHints":{"allow":["GET"]}}],"collection":[{"href":"http:\/\/bahn.wegner.in\/index.php?rest_route=\/wp\/v2\/pages"}],"about":[{"href":"http:\/\/bahn.wegner.in\/index.php?rest_route=\/wp\/v2\/types\/page"}],"author":[{"embeddable":true,"href":"http:\/\/bahn.wegner.in\/index.php?rest_route=\/wp\/v2\/users\/1"}],"replies":[{"embeddable":true,"href":"http:\/\/bahn.wegner.in\/index.php?rest_route=%2Fwp%2Fv2%2Fcomments&post=9"}],"version-history":[{"count":4,"href":"http:\/\/bahn.wegner.in\/index.php?rest_route=\/wp\/v2\/pages\/9\/revisions"}],"predecessor-version":[{"id":12,"href":"http:\/\/bahn.wegner.in\/index.php?rest_route=\/wp\/v2\/pages\/9\/revisions\/12"}],"up":[{"embeddable":true,"href":"http:\/\/bahn.wegner.in\/index.php?rest_route=\/wp\/v2\/pages\/2"}],"wp:attachment":[{"href":"http:\/\/bahn.wegner.in\/index.php?rest_route=%2Fwp%2Fv2%2Fmedia&parent=9"}],"curies":[{"name":"wp","href":"https:\/\/api.w.org\/{rel}","templated":true}]}}